{"id":8267,"date":"2023-02-12T15:24:43","date_gmt":"2023-02-12T14:24:43","guid":{"rendered":"https:\/\/staging.ilariaperversi.com\/about\/"},"modified":"2025-09-19T17:34:24","modified_gmt":"2025-09-19T15:34:24","slug":"about","status":"publish","type":"page","link":"https:\/\/ilariaperversi.com\/en\/about\/","title":{"rendered":"About"},"content":{"rendered":"<div class=\"fusion-fullwidth fullwidth-box fusion-builder-row-1 fusion-flex-container has-pattern-background has-mask-background nonhundred-percent-fullwidth non-hundred-percent-height-scrolling\" style=\"--awb-border-radius-top-left:0px;--awb-border-radius-top-right:0px;--awb-border-radius-bottom-right:0px;--awb-border-radius-bottom-left:0px;--awb-flex-wrap:wrap;\" ><div class=\"fusion-builder-row fusion-row fusion-flex-align-items-flex-start fusion-flex-content-wrap\" style=\"max-width:1248px;margin-left: calc(-4% \/ 2 );margin-right: calc(-4% \/ 2 );\"><div class=\"fusion-layout-column fusion_builder_column fusion-builder-column-0 fusion_builder_column_1_2 1_2 fusion-flex-column\" style=\"--awb-bg-size:cover;--awb-width-large:50%;--awb-margin-top-large:0px;--awb-spacing-right-large:3.84%;--awb-margin-bottom-large:20px;--awb-spacing-left-large:3.84%;--awb-width-medium:50%;--awb-order-medium:0;--awb-spacing-right-medium:3.84%;--awb-spacing-left-medium:3.84%;--awb-width-small:100%;--awb-order-small:0;--awb-spacing-right-small:1.92%;--awb-spacing-left-small:1.92%;\"><div class=\"fusion-column-wrapper fusion-column-has-shadow fusion-flex-justify-content-flex-start fusion-content-layout-column\"><div class=\"fusion-image-element \" style=\"--awb-aspect-ratio: 100 \/ 120;--awb-caption-title-font-family:var(--h2_typography-font-family);--awb-caption-title-font-weight:var(--h2_typography-font-weight);--awb-caption-title-font-style:var(--h2_typography-font-style);--awb-caption-title-size:var(--h2_typography-font-size);--awb-caption-title-transform:var(--h2_typography-text-transform);--awb-caption-title-line-height:var(--h2_typography-line-height);--awb-caption-title-letter-spacing:var(--h2_typography-letter-spacing);\"><span class=\" fusion-imageframe imageframe-none imageframe-1 hover-type-none has-aspect-ratio\"><img decoding=\"async\" width=\"300\" height=\"300\" title=\"nuovaimmagineabout\" data-src=\"https:\/\/ilariaperversi.com\/wp-content\/uploads\/2023\/12\/nuovaimmagineabout-300x300.png\" class=\"img-responsive wp-image-8168 img-with-aspect-ratio lazyload\" data-parent-fit=\"cover\" data-parent-container=\".fusion-image-element\" alt data-srcset=\"https:\/\/ilariaperversi.com\/wp-content\/uploads\/2023\/12\/nuovaimmagineabout-200x200.png 200w, https:\/\/ilariaperversi.com\/wp-content\/uploads\/2023\/12\/nuovaimmagineabout-400x400.png 400w, https:\/\/ilariaperversi.com\/wp-content\/uploads\/2023\/12\/nuovaimmagineabout-600x600.png 600w, https:\/\/ilariaperversi.com\/wp-content\/uploads\/2023\/12\/nuovaimmagineabout-800x800.png 800w, https:\/\/ilariaperversi.com\/wp-content\/uploads\/2023\/12\/nuovaimmagineabout-1200x1200.png 1200w\" data-sizes=\"(max-width: 640px) 100vw, 600px\" src=\"data:image\/svg+xml;base64,PHN2ZyB3aWR0aD0iMSIgaGVpZ2h0PSIxIiB4bWxucz0iaHR0cDovL3d3dy53My5vcmcvMjAwMC9zdmciPjwvc3ZnPg==\" style=\"--smush-placeholder-width: 300px; --smush-placeholder-aspect-ratio: 300\/300;\" \/><\/span><\/div><div class=\"fusion-image-element \" style=\"--awb-aspect-ratio:1 \/ 1;--awb-object-position:17% 40%;--awb-caption-title-font-family:var(--h2_typography-font-family);--awb-caption-title-font-weight:var(--h2_typography-font-weight);--awb-caption-title-font-style:var(--h2_typography-font-style);--awb-caption-title-size:var(--h2_typography-font-size);--awb-caption-title-transform:var(--h2_typography-text-transform);--awb-caption-title-line-height:var(--h2_typography-line-height);--awb-caption-title-letter-spacing:var(--h2_typography-letter-spacing);\"><span class=\" fusion-imageframe imageframe-none imageframe-2 hover-type-none has-aspect-ratio\"><img decoding=\"async\" width=\"200\" height=\"300\" title=\"432393665_10160998144637988_1417318381867500118_n\" data-src=\"https:\/\/ilariaperversi.com\/wp-content\/uploads\/2024\/08\/432393665_10160998144637988_1417318381867500118_n-200x300.jpg\" class=\"img-responsive wp-image-8814 img-with-aspect-ratio lazyload\" data-parent-fit=\"cover\" data-parent-container=\".fusion-image-element\" alt data-srcset=\"https:\/\/ilariaperversi.com\/wp-content\/uploads\/2024\/08\/432393665_10160998144637988_1417318381867500118_n-200x300.jpg 200w, https:\/\/ilariaperversi.com\/wp-content\/uploads\/2024\/08\/432393665_10160998144637988_1417318381867500118_n-400x600.jpg 400w, https:\/\/ilariaperversi.com\/wp-content\/uploads\/2024\/08\/432393665_10160998144637988_1417318381867500118_n-600x900.jpg 600w, https:\/\/ilariaperversi.com\/wp-content\/uploads\/2024\/08\/432393665_10160998144637988_1417318381867500118_n-800x1199.jpg 800w, https:\/\/ilariaperversi.com\/wp-content\/uploads\/2024\/08\/432393665_10160998144637988_1417318381867500118_n-1200x1799.jpg 1200w, https:\/\/ilariaperversi.com\/wp-content\/uploads\/2024\/08\/432393665_10160998144637988_1417318381867500118_n.jpg 1366w\" data-sizes=\"(max-width: 640px) 100vw, 600px\" src=\"data:image\/svg+xml;base64,PHN2ZyB3aWR0aD0iMSIgaGVpZ2h0PSIxIiB4bWxucz0iaHR0cDovL3d3dy53My5vcmcvMjAwMC9zdmciPjwvc3ZnPg==\" style=\"--smush-placeholder-width: 200px; --smush-placeholder-aspect-ratio: 200\/300;\" \/><\/span><\/div><\/div><\/div><div class=\"fusion-layout-column fusion_builder_column fusion-builder-column-1 fusion_builder_column_1_2 1_2 fusion-flex-column\" style=\"--awb-bg-size:cover;--awb-width-large:50%;--awb-margin-top-large:0px;--awb-spacing-right-large:3.84%;--awb-margin-bottom-large:20px;--awb-spacing-left-large:3.84%;--awb-width-medium:50%;--awb-order-medium:0;--awb-spacing-right-medium:3.84%;--awb-spacing-left-medium:3.84%;--awb-width-small:100%;--awb-order-small:0;--awb-spacing-right-small:1.92%;--awb-spacing-left-small:1.92%;\"><div class=\"fusion-column-wrapper fusion-column-has-shadow fusion-flex-justify-content-flex-start fusion-content-layout-column\"><div class=\"fusion-text fusion-text-1\" style=\"--awb-font-size:var(--awb-typography2-font-size);--awb-line-height:var(--awb-typography2-line-height);--awb-letter-spacing:var(--awb-typography2-letter-spacing);--awb-text-transform:var(--awb-typography2-text-transform);--awb-text-font-family:var(--awb-typography2-font-family);--awb-text-font-weight:var(--awb-typography2-font-weight);--awb-text-font-style:var(--awb-typography2-font-style);\"><p><strong>Hi!<\/strong> I&#8217;m<strong> Ilaria Perversi,<\/strong><br \/>\nan author and illustrator passionate about whimsical stories and funny characters.<\/p>\n<\/div><div class=\"fusion-text fusion-text-2\" style=\"--awb-font-size:var(--awb-typography4-font-size);--awb-line-height:var(--awb-typography4-line-height);--awb-letter-spacing:var(--awb-typography4-letter-spacing);--awb-text-transform:var(--awb-typography4-text-transform);--awb-text-font-family:var(--awb-typography4-font-family);--awb-text-font-weight:var(--awb-typography4-font-weight);--awb-text-font-style:var(--awb-typography4-font-style);\"><p>Born and raised in Milan, after obtaining a diploma in Digital Animation I decided to dedicate myself primarily to<strong> illustration for children:<\/strong> I write and draw <em>picture books and books for young readers<\/em>, I draw for <em>games, magazines, animated videos, interactive apps<\/em> and much more .<\/p>\n<p>One of the most rewarding aspects of my work is the opportunity to share the magic of stories with others. That&#8217;s why I combine my work as an author and illustrator with that of a <strong>teacher<\/strong>: I teach animation at the <strong>Civica Scuola di Cinema Luchino Visconti <\/strong>and illustration for <strong>Scuola Holden<\/strong> and <strong>Feltrinelli Education<\/strong>, I collaborate with <strong>Wow Museo del Fumetto<\/strong>, creating storyboard and animation workshops for children and teenagers, and I work with <em>associations, bookstores, and libraries throughout Italy<\/em>, offering illustration workshops and courses for adults, creative workshops for children, readings, and other activities.<\/p>\n<p>I have a soft spot for plants (I own a total of 61!) and dream of adopting a chicken, my favorite animal.<\/p>\n<p>Some of my clients: <strong>Franco Cosimo Panini, Feltrinelli kids, Editrice il Castoro, Edizioni Lapis, Piemme &#8211; Il battello a vapore, Clementoni, Headu, Edizioni Paoline, Pelledoca, Sabir edizioni, Coccole Books, Pane e Sale, Pulce edizioni, Glifo edizioni, Verbavolant edizioni, Don&#8217;t Movie.<\/strong><\/p>\n<p><strong>EXHIBITIONS AND AWARDS<\/strong><\/p>\n<p><span style=\"font-weight: 400;\">2025 &#8211; Exhibition <em>Traguardi<\/em> for Comune di Bracciano and Centro donna di Bracciano<br \/>\n2025 &#8211; Annual <em>Illustri<\/em> with &#8220;Vietato sputare fuoco&#8221;<br \/>\n2025 &#8211; Annual <em>Autori di immagini<\/em> with &#8220;Vietato sputare fuoco&#8221;<br \/>\n2024 &#8211; Exhibition &#8220;I personaggi delle storie&#8221;, Biblioteca di Cambiago<br \/>\n2024 &#8211; Exhibition <em>&#8220;Le ordinarie avventure di persone straordinarie&#8221;<\/em> for <em> IllustriAmo Montepiano;<\/em><br \/>\n<\/span><span style=\"font-weight: 400;\">2022 \u2013 Exhibition <em>&#8220;Che b\u00e8\u00e8\u00e8\u00e8llo!&#8221;<\/em> organized by <em>Imperfect Comunicazione<\/em> at the <strong>Gam in Turin<\/strong>;<br \/>\n<\/span><span style=\"font-weight: 400;\">2022 \u2013 17th International Exhibition of Contemporary Illustrators on the theme <em>&#8220;STOP&#8221;<\/em>: my illustration &#8220;Uh-oh&#8221; was selected and included as the image of the month of October in the iconic <strong>Tapirulan Association<\/strong> calendar and won second place in the People&#8217;s Prize;<br \/>\n<\/span><span style=\"font-weight: 400;\">2021 \u2013 Second prize in the <em>&#8220;Bestiario del Veneto orientale&#8221;<\/em> competition with my illustration called Tarabusino, organized by <strong>Project Engreen, Comune di Gruaro, Studio Radici, Strip Burger, VeGal and Treviso Comic book festival<\/strong>;<br \/>\n<\/span><span style=\"font-weight: 400;\">2019 \u2013 First prize in the <em>&#8220;Canapainsieme&#8221;<\/em> competition promoted by <strong>Soroptimist Valle D&#8217;Aosta<\/strong> for the project &#8220;Chanvre d&#8217;enfant&#8221; created in collaboration with Imma Pezzella.<\/span><\/p>\n<p><strong>CONTACTS<\/strong><\/p>\n<p>I love drawing for everything and falling in love with new projects.<br \/>\nIf you&#8217;d like to propose a collaboration, here&#8217;s where you can find me:<\/p>\n<\/div><div class=\"fusion-builder-row fusion-builder-row-inner fusion-row fusion-flex-align-items-flex-start fusion-flex-content-wrap\" style=\"--awb-flex-grow:0;--awb-flex-grow-medium:0;--awb-flex-grow-small:0;--awb-flex-shrink:0;--awb-flex-shrink-medium:0;--awb-flex-shrink-small:0;width:104% !important;max-width:104% !important;margin-left: calc(-4% \/ 2 );margin-right: calc(-4% \/ 2 );\"><div class=\"fusion-layout-column fusion_builder_column_inner fusion-builder-nested-column-0 fusion_builder_column_inner_1_2 1_2 fusion-flex-column fusion-column-inner-bg-wrapper\" style=\"--awb-inner-bg-size:cover;--awb-width-large:50%;--awb-margin-top-large:0px;--awb-spacing-right-large:3.84%;--awb-margin-bottom-large:20px;--awb-spacing-left-large:3.84%;--awb-width-medium:50%;--awb-order-medium:0;--awb-spacing-right-medium:3.84%;--awb-spacing-left-medium:3.84%;--awb-width-small:100%;--awb-order-small:0;--awb-spacing-right-small:1.92%;--awb-spacing-left-small:1.92%;\"><span class=\"fusion-column-inner-bg hover-type-none\"><a class=\"fusion-column-anchor\" href=\"tel:+393386846175\"><span class=\"fusion-column-inner-bg-image\"><\/span><\/a><\/span><div class=\"fusion-column-wrapper fusion-column-has-shadow fusion-flex-justify-content-flex-start fusion-content-layout-column\"><div class=\"fusion-image-element \" style=\"text-align:center;--awb-max-width:135px;--awb-caption-title-font-family:var(--h2_typography-font-family);--awb-caption-title-font-weight:var(--h2_typography-font-weight);--awb-caption-title-font-style:var(--h2_typography-font-style);--awb-caption-title-size:var(--h2_typography-font-size);--awb-caption-title-transform:var(--h2_typography-text-transform);--awb-caption-title-line-height:var(--h2_typography-line-height);--awb-caption-title-letter-spacing:var(--h2_typography-letter-spacing);\"><span class=\" fusion-imageframe imageframe-none imageframe-3 hover-type-none\"><img decoding=\"async\" width=\"1722\" height=\"1777\" title=\"Icona tel sito_Ilaria Perversi\" data-src=\"https:\/\/ilariaperversi.com\/wp-content\/uploads\/2016\/12\/Icona-tel-sito_Ilaria-Perversi.png\" alt class=\"img-responsive wp-image-7843 lazyload\" data-srcset=\"https:\/\/ilariaperversi.com\/wp-content\/uploads\/2016\/12\/Icona-tel-sito_Ilaria-Perversi-281x290.png 281w, https:\/\/ilariaperversi.com\/wp-content\/uploads\/2016\/12\/Icona-tel-sito_Ilaria-Perversi-291x300.png 291w, https:\/\/ilariaperversi.com\/wp-content\/uploads\/2016\/12\/Icona-tel-sito_Ilaria-Perversi-480x495.png 480w, https:\/\/ilariaperversi.com\/wp-content\/uploads\/2016\/12\/Icona-tel-sito_Ilaria-Perversi-768x793.png 768w, https:\/\/ilariaperversi.com\/wp-content\/uploads\/2016\/12\/Icona-tel-sito_Ilaria-Perversi-992x1024.png 992w, https:\/\/ilariaperversi.com\/wp-content\/uploads\/2016\/12\/Icona-tel-sito_Ilaria-Perversi-1140x1176.png 1140w, https:\/\/ilariaperversi.com\/wp-content\/uploads\/2016\/12\/Icona-tel-sito_Ilaria-Perversi.png 1722w\" data-sizes=\"(max-width: 1722px) 100vw, 1722px\" src=\"data:image\/svg+xml;base64,PHN2ZyB3aWR0aD0iMSIgaGVpZ2h0PSIxIiB4bWxucz0iaHR0cDovL3d3dy53My5vcmcvMjAwMC9zdmciPjwvc3ZnPg==\" style=\"--smush-placeholder-width: 1722px; --smush-placeholder-aspect-ratio: 1722\/1777;\" \/><\/span><\/div><div class=\"fusion-text fusion-text-3\" style=\"--awb-content-alignment:center;--awb-font-size:var(--awb-typography3-font-size);--awb-line-height:var(--awb-typography3-line-height);--awb-letter-spacing:var(--awb-typography3-letter-spacing);--awb-text-transform:var(--awb-typography3-text-transform);--awb-text-color:var(--awb-color3);--awb-text-font-family:var(--awb-typography3-font-family);--awb-text-font-weight:var(--awb-typography3-font-weight);--awb-text-font-style:var(--awb-typography3-font-style);\"><p>+39 3386846175<\/p>\n<\/div><\/div><\/div><div class=\"fusion-layout-column fusion_builder_column_inner fusion-builder-nested-column-1 fusion_builder_column_inner_1_2 1_2 fusion-flex-column fusion-column-inner-bg-wrapper\" style=\"--awb-inner-bg-size:cover;--awb-width-large:50%;--awb-margin-top-large:0px;--awb-spacing-right-large:3.84%;--awb-margin-bottom-large:20px;--awb-spacing-left-large:3.84%;--awb-width-medium:50%;--awb-order-medium:0;--awb-spacing-right-medium:3.84%;--awb-spacing-left-medium:3.84%;--awb-width-small:100%;--awb-order-small:0;--awb-spacing-right-small:1.92%;--awb-spacing-left-small:1.92%;\" data-scroll-devices=\"small-visibility,medium-visibility,large-visibility\"><span class=\"fusion-column-inner-bg hover-type-none\"><a class=\"fusion-column-anchor\" href=\"http:\/\/ilaria.perversi@gmail.com\" target=\"_blank\" rel=\"noopener\"><span class=\"fusion-column-inner-bg-image\"><\/span><\/a><\/span><div class=\"fusion-column-wrapper fusion-column-has-shadow fusion-flex-justify-content-flex-start fusion-content-layout-column\"><div class=\"fusion-image-element \" style=\"text-align:center;--awb-margin-top:18px;--awb-max-width:135px;--awb-caption-title-font-family:var(--h2_typography-font-family);--awb-caption-title-font-weight:var(--h2_typography-font-weight);--awb-caption-title-font-style:var(--h2_typography-font-style);--awb-caption-title-size:var(--h2_typography-font-size);--awb-caption-title-transform:var(--h2_typography-text-transform);--awb-caption-title-line-height:var(--h2_typography-line-height);--awb-caption-title-letter-spacing:var(--h2_typography-letter-spacing);\"><span class=\" fusion-imageframe imageframe-none imageframe-4 hover-type-none\"><img decoding=\"async\" width=\"1967\" height=\"1724\" title=\"Icona mail sito_Ilaria Perversi\" data-src=\"https:\/\/ilariaperversi.com\/wp-content\/uploads\/2016\/12\/Icona-mail-sito_Ilaria-Perversi.png\" alt class=\"img-responsive wp-image-7842 lazyload\" data-srcset=\"https:\/\/ilariaperversi.com\/wp-content\/uploads\/2016\/12\/Icona-mail-sito_Ilaria-Perversi-300x263.png 300w, https:\/\/ilariaperversi.com\/wp-content\/uploads\/2016\/12\/Icona-mail-sito_Ilaria-Perversi-326x286.png 326w, https:\/\/ilariaperversi.com\/wp-content\/uploads\/2016\/12\/Icona-mail-sito_Ilaria-Perversi-480x421.png 480w, https:\/\/ilariaperversi.com\/wp-content\/uploads\/2016\/12\/Icona-mail-sito_Ilaria-Perversi-768x673.png 768w, https:\/\/ilariaperversi.com\/wp-content\/uploads\/2016\/12\/Icona-mail-sito_Ilaria-Perversi-1024x897.png 1024w, https:\/\/ilariaperversi.com\/wp-content\/uploads\/2016\/12\/Icona-mail-sito_Ilaria-Perversi-1140x999.png 1140w, https:\/\/ilariaperversi.com\/wp-content\/uploads\/2016\/12\/Icona-mail-sito_Ilaria-Perversi.png 1967w\" data-sizes=\"(max-width: 1967px) 100vw, 1967px\" src=\"data:image\/svg+xml;base64,PHN2ZyB3aWR0aD0iMSIgaGVpZ2h0PSIxIiB4bWxucz0iaHR0cDovL3d3dy53My5vcmcvMjAwMC9zdmciPjwvc3ZnPg==\" style=\"--smush-placeholder-width: 1967px; --smush-placeholder-aspect-ratio: 1967\/1724;\" \/><\/span><\/div><div class=\"fusion-text fusion-text-4\" style=\"--awb-content-alignment:center;--awb-font-size:var(--awb-typography3-font-size);--awb-line-height:var(--awb-typography3-line-height);--awb-letter-spacing:var(--awb-typography3-letter-spacing);--awb-text-transform:var(--awb-typography3-text-transform);--awb-text-color:var(--awb-color3);--awb-text-font-family:var(--awb-typography3-font-family);--awb-text-font-weight:var(--awb-typography3-font-weight);--awb-text-font-style:var(--awb-typography3-font-style);\"><p>ilaria.perversi@gmail.com<\/p>\n<\/div><\/div><\/div><\/div><\/div><\/div><\/div><\/div>\n","protected":false},"excerpt":{"rendered":"","protected":false},"author":6,"featured_media":0,"parent":0,"menu_order":0,"comment_status":"closed","ping_status":"closed","template":"100-width.php","meta":{"_acf_changed":false,"footnotes":""},"class_list":["post-8267","page","type-page","status-publish","hentry"],"acf":[],"_links":{"self":[{"href":"https:\/\/ilariaperversi.com\/en\/wp-json\/wp\/v2\/pages\/8267","targetHints":{"allow":["GET"]}}],"collection":[{"href":"https:\/\/ilariaperversi.com\/en\/wp-json\/wp\/v2\/pages"}],"about":[{"href":"https:\/\/ilariaperversi.com\/en\/wp-json\/wp\/v2\/types\/page"}],"author":[{"embeddable":true,"href":"https:\/\/ilariaperversi.com\/en\/wp-json\/wp\/v2\/users\/6"}],"replies":[{"embeddable":true,"href":"https:\/\/ilariaperversi.com\/en\/wp-json\/wp\/v2\/comments?post=8267"}],"version-history":[{"count":12,"href":"https:\/\/ilariaperversi.com\/en\/wp-json\/wp\/v2\/pages\/8267\/revisions"}],"predecessor-version":[{"id":9090,"href":"https:\/\/ilariaperversi.com\/en\/wp-json\/wp\/v2\/pages\/8267\/revisions\/9090"}],"wp:attachment":[{"href":"https:\/\/ilariaperversi.com\/en\/wp-json\/wp\/v2\/media?parent=8267"}],"curies":[{"name":"wp","href":"https:\/\/api.w.org\/{rel}","templated":true}]}}